{"id":2,"date":"2016-08-11T07:57:08","date_gmt":"2016-08-11T09:57:08","guid":{"rendered":"http:\/\/obelaukiai.lt\/?page_id=2"},"modified":"2016-08-12T06:07:50","modified_gmt":"2016-08-12T08:07:50","slug":"puslapio-pavyzdys","status":"publish","type":"page","link":"https:\/\/obelaukiai.lt\/en\/","title":{"rendered":"Pagrindinis"},"content":{"rendered":"<p>Tai testinis puslapis. Puslapis skiriasi nuo \u012fra\u0161o, nes jis visuomet liks toje pa\u010dioje vietoje J\u016bs\u0173 tinklalapyje, bei daugumoje tem\u0173 bus rodomas kaip meniu punktas. Da\u017eniausiai tinklalapiai pradedami kurti nuo puslapio &#8220;Apie&#8221;, kuriame tinklalapis pristatomas jo lankytojams. Pavyzd\u017eiui, tokiame puslapyje gali b\u016bti para\u0161yta:<\/p>\n<blockquote><p>Sveiki! Dienomis a\u0161 dirbu dvira\u010di\u0173 kurjeriu, vakarais bandau siekti aktoriaus karjeros, o \u010dia yra mano tinklara\u0161tis. A\u0161 gyvenu Vilniuje, turiu puik\u0173 \u0161un\u012f vardu Rudis, ir labai m\u0117gstu vaisi\u0173 kokteilius (bei b\u016bti u\u017ekluptas lietaus).<\/p><\/blockquote>\n<p>&#8230;arba \u0161is puslapis gali b\u016bti ir rimtesnis:<\/p>\n<blockquote><p>UAB &#8220;\u012eranki\u0173 Fabrikas&#8221; buvo \u012fkurta dar 1971-aisiais, ir nuo pat tada iki \u0161iol nepavargdami gamina kokybi\u0161kus \u012frankius. \u012emon\u0117 \u012fsik\u016brusi Kaune, joje dirba daugiau nei 2000 specialist\u0173. UAB &#8220;\u012eranki\u0173 Fabrikas&#8221; aktyviai dalyvauja bendruomen\u0117s veikloje ir nuolat prisideda prie miestie\u010di\u0173 gyvenimo gerinimo.<\/p><\/blockquote>\n<p>Kadangi \u0161is tinklalapis yra k\u0105 tik sukurtas, mes rekomenduojame pirmiausia apsilankyti savo <a href=\"http:\/\/obelaukiai.lt\/wp-admin\/\">administravimo skydelyje<\/a>, i\u0161trinti \u0161\u012f testin\u012f puslap\u012f ir sukurti naujus su savo norimu turiniu. S\u0117km\u0117s!<\/p>\n","protected":false},"excerpt":{"rendered":"<p>Tai testinis puslapis. Puslapis skiriasi nuo \u012fra\u0161o, nes jis visuomet liks toje pa\u010dioje vietoje J\u016bs\u0173 tinklalapyje, bei daugumoje tem\u0173 bus rodomas kaip meniu punktas. Da\u017eniausiai tinklalapiai pradedami kurti nuo puslapio &#8220;Apie&#8221;, kuriame tinklalapis pristatomas jo lankytojams. Pavyzd\u017eiui, tokiame puslapyje gali b\u016bti para\u0161yta: Sveiki! Dienomis a\u0161 dirbu dvira\u010di\u0173 kurjeriu, vakarais bandau siekti aktoriaus karjeros, o \u010dia [&hellip;]<\/p>\n","protected":false},"author":1,"featured_media":0,"parent":0,"menu_order":0,"comment_status":"closed","ping_status":"open","template":"","meta":[],"_links":{"self":[{"href":"https:\/\/obelaukiai.lt\/en\/wp-json\/wp\/v2\/pages\/2"}],"collection":[{"href":"https:\/\/obelaukiai.lt\/en\/wp-json\/wp\/v2\/pages"}],"about":[{"href":"https:\/\/obelaukiai.lt\/en\/wp-json\/wp\/v2\/types\/page"}],"author":[{"embeddable":true,"href":"https:\/\/obelaukiai.lt\/en\/wp-json\/wp\/v2\/users\/1"}],"replies":[{"embeddable":true,"href":"https:\/\/obelaukiai.lt\/en\/wp-json\/wp\/v2\/comments?post=2"}],"version-history":[{"count":2,"href":"https:\/\/obelaukiai.lt\/en\/wp-json\/wp\/v2\/pages\/2\/revisions"}],"predecessor-version":[{"id":10,"href":"https:\/\/obelaukiai.lt\/en\/wp-json\/wp\/v2\/pages\/2\/revisions\/10"}],"wp:attachment":[{"href":"https:\/\/obelaukiai.lt\/en\/wp-json\/wp\/v2\/media?parent=2"}],"curies":[{"name":"wp","href":"https:\/\/api.w.org\/{rel}","templated":true}]}}